{"id":69,"date":"2019-03-23T14:29:20","date_gmt":"2019-03-23T14:29:20","guid":{"rendered":"http:\/\/www.sova3d.fi\/i\/?page_id=69"},"modified":"2024-02-02T08:36:59","modified_gmt":"2024-02-02T06:36:59","slug":"s3d-collabcity","status":"publish","type":"page","link":"https:\/\/www.sova3d.fi\/i\/s3d-collabcity\/","title":{"rendered":"Kunta3D"},"content":{"rendered":"\n<p>Collaborative City Publishing tool Kunta3D is a 3D collaboration platform running on the web browser. Kunta 3D is meant for most innovative cities wishing to make the city lucrative for investors and talented individuals. <\/p>\n\n\n\n<p>Kunta3D makes it possible for all city stakeholders to test, publish and comment their own ideas in 3D and see others proposals. <\/p>\n\n\n\n<p>Unlike current old-fashionable &#8220;behind-the-scenes&#8221; development, Kunta3D makes processes visible for all citizens. <\/p>\n\n\n<div class=\"wp-block-image is-style-default\">\n<figure class=\"aligncenter size-full\"><a href=\"https:\/\/kunta3d.com\"><img loading=\"lazy\" decoding=\"async\" width=\"1919\" height=\"992\" src=\"https:\/\/www.sova3d.fi\/i\/wp-content\/uploads\/2024\/02\/Kunta3D_etusivu-1.png\" alt=\"Kunta3d.com\" class=\"wp-image-817\" srcset=\"https:\/\/www.sova3d.fi\/i\/wp-content\/uploads\/2024\/02\/Kunta3D_etusivu-1.png 1919w, https:\/\/www.sova3d.fi\/i\/wp-content\/uploads\/2024\/02\/Kunta3D_etusivu-1-300x155.png 300w, https:\/\/www.sova3d.fi\/i\/wp-content\/uploads\/2024\/02\/Kunta3D_etusivu-1-1024x529.png 1024w, https:\/\/www.sova3d.fi\/i\/wp-content\/uploads\/2024\/02\/Kunta3D_etusivu-1-768x397.png 768w, https:\/\/www.sova3d.fi\/i\/wp-content\/uploads\/2024\/02\/Kunta3D_etusivu-1-1536x794.png 1536w\" sizes=\"auto, (max-width: 1919px) 100vw, 1919px\" \/><\/a><figcaption class=\"wp-element-caption\"><strong>Kunta3D<\/strong> start page<\/figcaption><\/figure><\/div>\n\n\n<hr class=\"wp-block-separator has-css-opacity\"\/>\n\n\n\n<div style=\"background-color:#0693e3;text-align:center\" class=\"wp-block-atomic-blocks-ab-cta ab-block-cta\"><div class=\"ab-cta-image-wrap\"><img decoding=\"async\" class=\"ab-cta-image has-background-dim-30 has-background-dim\" src=\"https:\/\/www.sova3d.fi\/i\/wp-content\/uploads\/2019\/05\/Kuva_2.png\" alt=\"\"\/><\/div><div class=\"ab-cta-content\"><h2 class=\"ab-cta-title ab-font-size-32\" style=\"color:#313131\"><\/h2><div class=\"ab-cta-text ab-font-size-32\" style=\"color:#313131\"><\/div><\/div><div class=\"ab-cta-button\"><a href=\"https:\/\/hyvinkaa3d.kunta3d.fi\" target=\"_blank\" rel=\"noopener noreferrer\" class=\"ab-button ab-button-shape-rounded ab-button-size-medium\" style=\"color:#ffffff;background-color:#313131\">Hyvink\u00e4\u00e43D<\/a><\/div><\/div>\n\n\n\n<div style=\"background-color:#8ed1fc;text-align:center\" class=\"wp-block-atomic-blocks-ab-cta ab-block-cta\"><div class=\"ab-cta-image-wrap\"><img decoding=\"async\" class=\"ab-cta-image has-background-dim-30 has-background-dim\" src=\"https:\/\/www.sova3d.fi\/i\/wp-content\/uploads\/2019\/05\/Kuva_2.png\" alt=\"\"\/><\/div><div class=\"ab-cta-content\"><h2 class=\"ab-cta-title ab-font-size-32\" style=\"color:#32373c\"><\/h2><div class=\"ab-cta-text ab-font-size-32\" style=\"color:#32373c\"><\/div><\/div><div class=\"ab-cta-button\"><a href=\"https:\/\/jyvaskyla.kunta3d.fi\/Map.html\" target=\"_blank\" rel=\"noopener noreferrer\" class=\"ab-button ab-button-shape-rounded ab-button-size-medium\" style=\"color:#ffffff;background-color:#313131\">Jyv\u00e4skyl\u00e43D<\/a><\/div><\/div>\n\n\n\n<div style=\"background-color:#abb8c3;text-align:center\" class=\"wp-block-atomic-blocks-ab-cta ab-block-cta\"><div class=\"ab-cta-image-wrap\"><img decoding=\"async\" class=\"ab-cta-image has-background-dim-30 has-background-dim\" src=\"https:\/\/www.sova3d.fi\/i\/wp-content\/uploads\/2019\/05\/Kuva_2.png\" alt=\"\"\/><\/div><div class=\"ab-cta-content\"><h2 class=\"ab-cta-title ab-font-size-32\" style=\"color:#32373c\"><\/h2><div class=\"ab-cta-text ab-font-size-32\" style=\"color:#32373c\"><\/div><\/div><div class=\"ab-cta-button\"><a href=\"https:\/\/jarvenpaa.kunta3d.fi\/Map.html\" target=\"_blank\" rel=\"noopener noreferrer\" class=\"ab-button ab-button-shape-rounded ab-button-size-medium\" style=\"color:#ffffff;background-color:#313131\">J\u00e4rvenp\u00e4\u00e43D<\/a><\/div><\/div>\n\n\n\n<div style=\"background-color:#0693e3;text-align:center\" class=\"wp-block-atomic-blocks-ab-cta ab-block-cta\"><div class=\"ab-cta-image-wrap\"><img decoding=\"async\" class=\"ab-cta-image has-background-dim-30 has-background-dim\" src=\"https:\/\/www.sova3d.fi\/i\/wp-content\/uploads\/2019\/05\/Kuva_2.png\" alt=\"\"\/><\/div><div class=\"ab-cta-content\"><h2 class=\"ab-cta-title ab-font-size-32\" style=\"color:#32373c\"><\/h2><div class=\"ab-cta-text ab-font-size-32\" style=\"color:#32373c\"><\/div><\/div><div class=\"ab-cta-button\"><a href=\"https:\/\/kuopio.kunta3d.fi\" target=\"_blank\" rel=\"noopener noreferrer\" class=\"ab-button ab-button-shape-rounded ab-button-size-medium\" style=\"color:#ffffff;background-color:#313131\">Kuopio3D<\/a><\/div><\/div>\n\n\n\n<div style=\"background-color:#8ed1fc;text-align:center\" class=\"wp-block-atomic-blocks-ab-cta ab-block-cta\"><div class=\"ab-cta-image-wrap\"><img decoding=\"async\" class=\"ab-cta-image has-background-dim-30 has-background-dim\" src=\"https:\/\/www.sova3d.fi\/i\/wp-content\/uploads\/2019\/05\/Kuva_2.png\" alt=\"\"\/><\/div><div class=\"ab-cta-content\"><h2 class=\"ab-cta-title ab-font-size-32\" style=\"color:#32373c\"><\/h2><div class=\"ab-cta-text ab-font-size-32\" style=\"color:#32373c\"><\/div><\/div><div class=\"ab-cta-button\"><a href=\"https:\/\/lohja.kunta3d.fi\/Map.html\" target=\"_blank\" rel=\"noopener noreferrer\" class=\"ab-button ab-button-shape-rounded ab-button-size-medium\" style=\"color:#ffffff;background-color:#313131\">Lohja3D<\/a><\/div><\/div>\n\n\n\n<div style=\"background-color:#abb8c3;text-align:center\" class=\"wp-block-atomic-blocks-ab-cta ab-block-cta\"><div class=\"ab-cta-image-wrap\"><img decoding=\"async\" class=\"ab-cta-image has-background-dim-30 has-background-dim\" src=\"https:\/\/www.sova3d.fi\/i\/wp-content\/uploads\/2019\/05\/Kuva_2.png\" alt=\"\"\/><\/div><div class=\"ab-cta-content\"><h2 class=\"ab-cta-title ab-font-size-32\" style=\"color:#32373c\"><\/h2><div class=\"ab-cta-text ab-font-size-32\" style=\"color:#32373c\"><\/div><\/div><div class=\"ab-cta-button\"><a href=\"https:\/\/porvoo3d.appspot.com\/Map.html\" target=\"_blank\" rel=\"noopener noreferrer\" class=\"ab-button ab-button-shape-rounded ab-button-size-medium\" style=\"color:#ffffff;background-color:#313131\">Porvoo3D<\/a><\/div><\/div>\n\n\n\n<div style=\"background-color:#0693e3;text-align:center\" class=\"wp-block-atomic-blocks-ab-cta ab-block-cta\"><div class=\"ab-cta-image-wrap\"><img decoding=\"async\" class=\"ab-cta-image has-background-dim-30 has-background-dim\" src=\"https:\/\/www.sova3d.fi\/i\/wp-content\/uploads\/2019\/05\/Kuva_2.png\" alt=\"\"\/><\/div><div class=\"ab-cta-content\"><h2 class=\"ab-cta-title ab-font-size-32\" style=\"color:#32373c\"><\/h2><div class=\"ab-cta-text ab-font-size-32\" style=\"color:#32373c\"><\/div><\/div><div class=\"ab-cta-button\"><a href=\"https:\/\/turku3d.appspot.com\/Map.html\" target=\"_blank\" rel=\"noopener noreferrer\" class=\"ab-button ab-button-shape-rounded ab-button-size-medium\" style=\"color:#ffffff;background-color:#313131\">Turku3D<\/a><\/div><\/div>\n\n\n\n<div style=\"background-color:#8ed1fc;text-align:center\" class=\"wp-block-atomic-blocks-ab-cta ab-block-cta\"><div class=\"ab-cta-image-wrap\"><img decoding=\"async\" class=\"ab-cta-image has-background-dim-30 has-background-dim\" src=\"https:\/\/www.sova3d.fi\/i\/wp-content\/uploads\/2019\/05\/Kuva_2.png\" alt=\"\"\/><\/div><div class=\"ab-cta-content\"><h2 class=\"ab-cta-title ab-font-size-32\" style=\"color:#32373c\"><\/h2><div class=\"ab-cta-text ab-font-size-32\" style=\"color:#32373c\"><\/div><\/div><div class=\"ab-cta-button\"><a href=\"https:\/\/vantaa.kunta3d.fi\/Map.html\" target=\"_blank\" rel=\"noopener noreferrer\" class=\"ab-button ab-button-shape-rounded ab-button-size-medium\" style=\"color:#ffffff;background-color:#313131\">Vantaa3D<\/a><\/div><\/div>\n\n\n\n<p><\/p>\n","protected":false},"excerpt":{"rendered":"<p>Collaborative City Publishing tool Kunta3D is a 3D collaboration platform running on the web browser. Kunta 3D is meant for most innovative cities wishing to make the city lucrative for investors and talented individuals. Kunta3D makes it possible for all city stakeholders to test, publish and comment their own ideas in 3D and see others [&hellip;]<\/p>\n","protected":false},"author":1,"featured_media":0,"parent":0,"menu_order":0,"comment_status":"closed","ping_status":"closed","template":"Page-fullwidth.php","meta":{"footnotes":""},"class_list":["post-69","page","type-page","status-publish","hentry"],"featured_image_src":null,"featured_image_src_square":null,"_links":{"self":[{"href":"https:\/\/www.sova3d.fi\/i\/wp-json\/wp\/v2\/pages\/69","targetHints":{"allow":["GET"]}}],"collection":[{"href":"https:\/\/www.sova3d.fi\/i\/wp-json\/wp\/v2\/pages"}],"about":[{"href":"https:\/\/www.sova3d.fi\/i\/wp-json\/wp\/v2\/types\/page"}],"author":[{"embeddable":true,"href":"https:\/\/www.sova3d.fi\/i\/wp-json\/wp\/v2\/users\/1"}],"replies":[{"embeddable":true,"href":"https:\/\/www.sova3d.fi\/i\/wp-json\/wp\/v2\/comments?post=69"}],"version-history":[{"count":37,"href":"https:\/\/www.sova3d.fi\/i\/wp-json\/wp\/v2\/pages\/69\/revisions"}],"predecessor-version":[{"id":819,"href":"https:\/\/www.sova3d.fi\/i\/wp-json\/wp\/v2\/pages\/69\/revisions\/819"}],"wp:attachment":[{"href":"https:\/\/www.sova3d.fi\/i\/wp-json\/wp\/v2\/media?parent=69"}],"curies":[{"name":"wp","href":"https:\/\/api.w.org\/{rel}","templated":true}]}}