{"id":13,"date":"2019-03-20T18:05:25","date_gmt":"2019-03-20T16:05:25","guid":{"rendered":"http:\/\/www.sova3d.fi\/i\/?page_id=13"},"modified":"2019-05-10T15:13:45","modified_gmt":"2019-05-10T12:13:45","slug":"news","status":"publish","type":"page","link":"https:\/\/www.sova3d.fi\/i\/news\/","title":{"rendered":"News"},"content":{"rendered":"\n<p>Latest Activities at Sova3D<\/p>\n\n\n<section class=\"ab-block-post-grid featuredpost aligncenter\"><div class=\"ab-post-grid-items is-grid columns-2\"><article id=\"post-842\" class=\"ab-post-grid-item post-842 post type-post status-publish format-standard has-post-thumbnail hentry category-3dcitymodel category-metaverse\"><div class=\"ab-block-post-grid-image\"><a href=\"https:\/\/www.sova3d.fi\/i\/3dcitymodel\/sova3d-oy-and-finpeda-oy-join-forces-unveiling-a-revolutionary-metaverse-solution\/\" rel=\"bookmark\" aria-hidden=\"true\" tabindex=\"-1\"><img loading=\"lazy\" decoding=\"async\" width=\"900\" height=\"446\" src=\"https:\/\/www.sova3d.fi\/i\/wp-content\/uploads\/2024\/02\/FVS_start2024_900.png\" class=\"attachment-full size-full\" alt=\"Finpeda Oy\" srcset=\"https:\/\/www.sova3d.fi\/i\/wp-content\/uploads\/2024\/02\/FVS_start2024_900.png 900w, https:\/\/www.sova3d.fi\/i\/wp-content\/uploads\/2024\/02\/FVS_start2024_900-300x149.png 300w, https:\/\/www.sova3d.fi\/i\/wp-content\/uploads\/2024\/02\/FVS_start2024_900-768x381.png 768w\" sizes=\"auto, (max-width: 900px) 100vw, 900px\" \/><\/a><\/div><div class=\"ab-block-post-grid-text\"><header class=\"ab-block-post-grid-header\"><h3 class=\"ab-block-post-grid-title\"><a href=\"https:\/\/www.sova3d.fi\/i\/3dcitymodel\/sova3d-oy-and-finpeda-oy-join-forces-unveiling-a-revolutionary-metaverse-solution\/\" rel=\"bookmark\">Sova3D Oy and Finpeda Oy Unite: Unveiling a Revolutionary Metaverse Solution Transforming Education and Beyond<\/a><\/h3><div class=\"ab-block-post-grid-byline\"><div class=\"ab-block-post-grid-author\" itemprop=\"author\" itemtype=\"https:\/\/schema.org\/Person\"><a class=\"ab-text-link\" href=\"https:\/\/www.sova3d.fi\/i\/author\/admin\/\" itemprop=\"url\" rel=\"author\"><span itemprop=\"name\">admin<\/span><\/a><\/div><time datetime=\"2024-02-02T11:11:24+02:00\" class=\"ab-block-post-grid-date\" itemprop=\"datePublished\">February 2, 2024<\/time><\/div><\/header><div class=\"ab-block-post-grid-excerpt\"><p>The digital evolution continues as Sova3D Oy and Finpeda Oy collaborate to develop an innovative metaverse solution that transcends education, introducing a paradigm shift in building inspection, urban planning, museum operations, tourism, and event management. With their combined expertise, they present the FVS-Metaverse, an engagement-driven platform simplifying the creation of various spaces and services. Synergy&hellip;<\/p>\n<p><a class=\"ab-block-post-grid-more-link ab-text-link\" href=\"https:\/\/www.sova3d.fi\/i\/3dcitymodel\/sova3d-oy-and-finpeda-oy-join-forces-unveiling-a-revolutionary-metaverse-solution\/\" rel=\"bookmark\">Continue Reading <span class=\"screen-reader-text\">Sova3D Oy and Finpeda Oy Unite: Unveiling a Revolutionary Metaverse Solution Transforming Education and Beyond<\/span><\/a><\/p><\/div><\/div><\/article>\n<article id=\"post-809\" class=\"ab-post-grid-item post-809 post type-post status-publish format-standard hentry category-building-permit\"><div class=\"ab-block-post-grid-text\"><header class=\"ab-block-post-grid-header\"><h3 class=\"ab-block-post-grid-title\"><a href=\"https:\/\/www.sova3d.fi\/i\/3dcitymodel\/building-permit\/the-worlds-first-3d-bim-model-approved-building-permit-in-jarvenpaa\/\" rel=\"bookmark\">The world&#8217;s first 3D BIM model-approved building permit In J\u00e4rvenp\u00e4\u00e4?<\/a><\/h3><div class=\"ab-block-post-grid-byline\"><div class=\"ab-block-post-grid-author\" itemprop=\"author\" itemtype=\"https:\/\/schema.org\/Person\"><a class=\"ab-text-link\" href=\"https:\/\/www.sova3d.fi\/i\/author\/admin\/\" itemprop=\"url\" rel=\"author\"><span itemprop=\"name\">admin<\/span><\/a><\/div><time datetime=\"2021-06-15T14:30:27+03:00\" class=\"ab-block-post-grid-date\" itemprop=\"datePublished\">June 15, 2021<\/time><\/div><\/header><div class=\"ab-block-post-grid-excerpt\"><p>May 27, 2021 at 15:00 J\u00e4rvenp\u00e4\u00e4 building supervision approved Building permit IFC-BIM for a building in Lepola, J\u00e4rvenp\u00e4\u00e4 with a model! The cityscape examination of the building and its location in the environment was done in J\u00e4rvenp\u00e4\u00e4&#8217;s Kunta3d service. The compliance review was conducted in the Solibri program. The permit itself was processed in the&hellip;<\/p>\n<p><a class=\"ab-block-post-grid-more-link ab-text-link\" href=\"https:\/\/www.sova3d.fi\/i\/3dcitymodel\/building-permit\/the-worlds-first-3d-bim-model-approved-building-permit-in-jarvenpaa\/\" rel=\"bookmark\">Continue Reading <span class=\"screen-reader-text\">The world&#8217;s first 3D BIM model-approved building permit In J\u00e4rvenp\u00e4\u00e4?<\/span><\/a><\/p><\/div><\/div><\/article>\n<\/div><\/section>\n\n<div class=\"wp-block-atomic-blocks-ab-sharing ab-block-sharing ab-share-icon-only ab-share-shape-circular ab-share-size-medium ab-share-color-social ab-align-center\">\n\t\t\t<ul class=\"ab-share-list\"><li>\n\t\t\t<a\n\t\t\t\thref=\"javascript:void(0)\" onClick=\"javascript:atomicBlocksShare('http:\/\/twitter.com\/share?text=News&#038;url=https:\/\/www.sova3d.fi\/i\/news\/', 'Share on Twitter', '600', '600')\"\n\t\t\t\tclass=\"ab-share-twitter\"\n\t\t\t\ttitle=\"Share on Twitter\">\n\t\t\t\t<i class=\"fab fa-twitter\"><\/i> <span class=\"ab-social-text\">Share on Twitter<\/span>\n\t\t\t<\/a>\n\t\t<\/li><li>\n\t\t\t\t<a\n\t\t\t\t\thref=\"javascript:void(0)\" onClick=\"javascript:atomicBlocksShare('https:\/\/www.facebook.com\/sharer\/sharer.php?u=https:\/\/www.sova3d.fi\/i\/news\/&#038;title=News', 'Share on Facebook', '600', '600')\"\n\t\t\t\t\tclass=\"ab-share-facebook\"\n\t\t\t\t\ttitle=\"Share on Facebook\">\n\t\t\t\t\t<i class=\"fab fa-facebook-f\"><\/i> <span class=\"ab-social-text\">Share on Facebook<\/span>\n\t\t\t\t<\/a>\n\t\t\t<\/li><li>\n\t\t\t\t<a\n\t\t\t\t\thref=\"javascript:void(0)\" onClick=\"javascript:atomicBlocksShare('https:\/\/www.linkedin.com\/shareArticle?mini=true&#038;url=https:\/\/www.sova3d.fi\/i\/news\/&#038;title=News', 'Share on LinkedIn', '600', '600')\"\n\t\t\t\t\tclass=\"ab-share-linkedin\"\n\t\t\t\t\ttitle=\"Share on LinkedIn\">\n\t\t\t\t\t<i class=\"fab fa-linkedin-in\"><\/i> <span class=\"ab-social-text\">Share on LinkedIn<\/span>\n\t\t\t\t<\/a>\n\t\t\t<\/li><li>\n\t\t\t\t\t<a\n\t\t\t\t\t\thref=\"mailto:?subject=News&#038;body=News&mdash;https:\/\/www.sova3d.fi\/i\/news\/\"\n\t\t\t\t\t\tclass=\"ab-share-email\"\n\t\t\t\t\t\ttitle=\"Share via Email\">\n\t\t\t\t\t\t<i class=\"fas fa-envelope\"><\/i> <span class=\"ab-social-text\">Share via Email<\/span>\n\t\t\t\t\t<\/a>\n\t\t\t\t<\/li><\/ul>\n\t\t<\/div>","protected":false},"excerpt":{"rendered":"<p>Latest Activities at Sova3D<\/p>\n","protected":false},"author":1,"featured_media":0,"parent":0,"menu_order":1,"comment_status":"closed","ping_status":"closed","template":"","meta":{"footnotes":""},"class_list":["post-13","page","type-page","status-publish","hentry"],"featured_image_src":null,"featured_image_src_square":null,"_links":{"self":[{"href":"https:\/\/www.sova3d.fi\/i\/wp-json\/wp\/v2\/pages\/13","targetHints":{"allow":["GET"]}}],"collection":[{"href":"https:\/\/www.sova3d.fi\/i\/wp-json\/wp\/v2\/pages"}],"about":[{"href":"https:\/\/www.sova3d.fi\/i\/wp-json\/wp\/v2\/types\/page"}],"author":[{"embeddable":true,"href":"https:\/\/www.sova3d.fi\/i\/wp-json\/wp\/v2\/users\/1"}],"replies":[{"embeddable":true,"href":"https:\/\/www.sova3d.fi\/i\/wp-json\/wp\/v2\/comments?post=13"}],"version-history":[{"count":11,"href":"https:\/\/www.sova3d.fi\/i\/wp-json\/wp\/v2\/pages\/13\/revisions"}],"predecessor-version":[{"id":531,"href":"https:\/\/www.sova3d.fi\/i\/wp-json\/wp\/v2\/pages\/13\/revisions\/531"}],"wp:attachment":[{"href":"https:\/\/www.sova3d.fi\/i\/wp-json\/wp\/v2\/media?parent=13"}],"curies":[{"name":"wp","href":"https:\/\/api.w.org\/{rel}","templated":true}]}}